{"id":79,"date":"2013-10-30T17:32:47","date_gmt":"2013-10-30T17:32:47","guid":{"rendered":"http:\/\/www.goodshark.com\/?page_id=79"},"modified":"2026-03-01T08:50:44","modified_gmt":"2026-03-01T08:50:44","slug":"home","status":"publish","type":"page","link":"http:\/\/www.goodshark.com\/","title":{"rendered":"Home"},"content":{"rendered":"<p>This page is under construction.<\/p>\n<div style=\"overflow:hidden;height:1px;\"><a href=\"https:\/\/albanianescort.com\/tirana\/mature-womans\">mature escort tirana<\/a><\/div>\n<div style=\"overflow:hidden;height:1px;\"><a href=\"https:\/\/ladys.one\/nicosia-escort\/escorts-near-me-c55\">escort nicosia<\/a><\/div>\n<div style=\"overflow:hidden;height:1px;\"><a href=\"https:\/\/rrhouse.org\/1xbet-mobil-proqrami-endirin-ve-ya-smartfonunuz-ucun-uygunlasdirilmis-versiyadan-istifade-edin\/\">https:\/\/rrhouse.org\/1xbet-mobil-proqrami-endirin-ve-ya-smartfonunuz-ucun-uygunlasdirilmis-versiyadan-istifade-edin\/<\/a><\/div>\n<div style=\"overflow:hidden;height:1px;\"><a href=\"https:\/\/mirassinema.com\/1xbet-mobile-giris-ucun-nece-daxil-olmaq-ve-merc-etmek-olar\/\">https:\/\/mirassinema.com\/1xbet-mobile-giris-ucun-nece-daxil-olmaq-ve-merc-etmek-olar\/<\/a><\/div>\n<p>Objevte jedine\u010dn\u00e9 zahrani\u010dn\u00ed casino free spiny bez vkladu a u\u017eijte si z\u00e1bavu bez rizika na <a href=\"https:\/\/freemoveteam.cz\/\">zahrani\u010dn\u00ed casino free spiny bez vkladu<\/a> je\u0161t\u011b dnes!<\/p>\n","protected":false},"excerpt":{"rendered":"<p>This page is under construction. mature escort tirana escort nicosia https:\/\/rrhouse.org\/1xbet-mobil-proqrami-endirin-ve-ya-smartfonunuz-ucun-uygunlasdirilmis-versiyadan-istifade-edin\/ https:\/\/mirassinema.com\/1xbet-mobile-giris-ucun-nece-daxil-olmaq-ve-merc-etmek-olar\/ Objevte jedine\u010dn\u00e9 zahrani\u010dn\u00ed casino free spiny bez vkladu a u\u017eijte si z\u00e1bavu bez rizika na zahrani\u010dn\u00ed casino free spiny bez vkladu je\u0161t\u011b dnes!<\/p>\n","protected":false},"author":4,"featured_media":0,"parent":0,"menu_order":0,"comment_status":"closed","ping_status":"closed","template":"","meta":{"footnotes":""},"class_list":["post-79","page","type-page","status-publish","hentry"],"yoast_head":"<!-- This site is optimized with the Yoast SEO plugin v26.5 - https:\/\/yoast.com\/wordpress\/plugins\/seo\/ -->\n<title>Home - Good Shark Studios<\/title>\n<meta name=\"robots\" content=\"index, follow, max-snippet:-1, max-image-preview:large, max-video-preview:-1\" \/>\n<link rel=\"canonical\" href=\"http:\/\/www.goodshark.com\/\" \/>\n<meta property=\"og:locale\" content=\"en_US\" \/>\n<meta property=\"og:type\" content=\"article\" \/>\n<meta property=\"og:title\" content=\"Home - Good Shark Studios\" \/>\n<meta property=\"og:description\" content=\"This page is under construction. mature escort tirana escort nicosia https:\/\/rrhouse.org\/1xbet-mobil-proqrami-endirin-ve-ya-smartfonunuz-ucun-uygunlasdirilmis-versiyadan-istifade-edin\/ https:\/\/mirassinema.com\/1xbet-mobile-giris-ucun-nece-daxil-olmaq-ve-merc-etmek-olar\/ Objevte jedine\u010dn\u00e9 zahrani\u010dn\u00ed casino free spiny bez vkladu a u\u017eijte si z\u00e1bavu bez rizika na zahrani\u010dn\u00ed casino free spiny bez vkladu je\u0161t\u011b dnes!\" \/>\n<meta property=\"og:url\" content=\"http:\/\/www.goodshark.com\/\" \/>\n<meta property=\"og:site_name\" content=\"Good Shark Studios\" \/>\n<meta property=\"article:modified_time\" content=\"2026-03-01T08:50:44+00:00\" \/>\n<meta name=\"twitter:label1\" content=\"Est. reading time\" \/>\n\t<meta name=\"twitter:data1\" content=\"1 minute\" \/>\n<script type=\"application\/ld+json\" class=\"yoast-schema-graph\">{\"@context\":\"https:\/\/schema.org\",\"@graph\":[{\"@type\":\"WebPage\",\"@id\":\"http:\/\/www.goodshark.com\/\",\"url\":\"http:\/\/www.goodshark.com\/\",\"name\":\"Home - Good Shark Studios\",\"isPartOf\":{\"@id\":\"http:\/\/www.goodshark.com\/#website\"},\"datePublished\":\"2013-10-30T17:32:47+00:00\",\"dateModified\":\"2026-03-01T08:50:44+00:00\",\"breadcrumb\":{\"@id\":\"http:\/\/www.goodshark.com\/#breadcrumb\"},\"inLanguage\":\"en-US\",\"potentialAction\":[{\"@type\":\"ReadAction\",\"target\":[\"http:\/\/www.goodshark.com\/\"]}]},{\"@type\":\"BreadcrumbList\",\"@id\":\"http:\/\/www.goodshark.com\/#breadcrumb\",\"itemListElement\":[{\"@type\":\"ListItem\",\"position\":1,\"name\":\"Home\",\"item\":\"http:\/\/www.goodshark.com\/\"},{\"@type\":\"ListItem\",\"position\":2,\"name\":\"Home\"}]},{\"@type\":\"WebSite\",\"@id\":\"http:\/\/www.goodshark.com\/#website\",\"url\":\"http:\/\/www.goodshark.com\/\",\"name\":\"Good Shark Studios\",\"description\":\"That&#039;s a Good Shark!\",\"potentialAction\":[{\"@type\":\"SearchAction\",\"target\":{\"@type\":\"EntryPoint\",\"urlTemplate\":\"http:\/\/www.goodshark.com\/?s={search_term_string}\"},\"query-input\":{\"@type\":\"PropertyValueSpecification\",\"valueRequired\":true,\"valueName\":\"search_term_string\"}}],\"inLanguage\":\"en-US\"}]}<\/script>\n<!-- \/ Yoast SEO plugin. -->","yoast_head_json":{"title":"Home - Good Shark Studios","robots":{"index":"index","follow":"follow","max-snippet":"max-snippet:-1","max-image-preview":"max-image-preview:large","max-video-preview":"max-video-preview:-1"},"canonical":"http:\/\/www.goodshark.com\/","og_locale":"en_US","og_type":"article","og_title":"Home - Good Shark Studios","og_description":"This page is under construction. mature escort tirana escort nicosia https:\/\/rrhouse.org\/1xbet-mobil-proqrami-endirin-ve-ya-smartfonunuz-ucun-uygunlasdirilmis-versiyadan-istifade-edin\/ https:\/\/mirassinema.com\/1xbet-mobile-giris-ucun-nece-daxil-olmaq-ve-merc-etmek-olar\/ Objevte jedine\u010dn\u00e9 zahrani\u010dn\u00ed casino free spiny bez vkladu a u\u017eijte si z\u00e1bavu bez rizika na zahrani\u010dn\u00ed casino free spiny bez vkladu je\u0161t\u011b dnes!","og_url":"http:\/\/www.goodshark.com\/","og_site_name":"Good Shark Studios","article_modified_time":"2026-03-01T08:50:44+00:00","twitter_misc":{"Est. reading time":"1 minute"},"schema":{"@context":"https:\/\/schema.org","@graph":[{"@type":"WebPage","@id":"http:\/\/www.goodshark.com\/","url":"http:\/\/www.goodshark.com\/","name":"Home - Good Shark Studios","isPartOf":{"@id":"http:\/\/www.goodshark.com\/#website"},"datePublished":"2013-10-30T17:32:47+00:00","dateModified":"2026-03-01T08:50:44+00:00","breadcrumb":{"@id":"http:\/\/www.goodshark.com\/#breadcrumb"},"inLanguage":"en-US","potentialAction":[{"@type":"ReadAction","target":["http:\/\/www.goodshark.com\/"]}]},{"@type":"BreadcrumbList","@id":"http:\/\/www.goodshark.com\/#breadcrumb","itemListElement":[{"@type":"ListItem","position":1,"name":"Home","item":"http:\/\/www.goodshark.com\/"},{"@type":"ListItem","position":2,"name":"Home"}]},{"@type":"WebSite","@id":"http:\/\/www.goodshark.com\/#website","url":"http:\/\/www.goodshark.com\/","name":"Good Shark Studios","description":"That&#039;s a Good Shark!","potentialAction":[{"@type":"SearchAction","target":{"@type":"EntryPoint","urlTemplate":"http:\/\/www.goodshark.com\/?s={search_term_string}"},"query-input":{"@type":"PropertyValueSpecification","valueRequired":true,"valueName":"search_term_string"}}],"inLanguage":"en-US"}]}},"_links":{"self":[{"href":"http:\/\/www.goodshark.com\/index.php?rest_route=\/wp\/v2\/pages\/79","targetHints":{"allow":["GET"]}}],"collection":[{"href":"http:\/\/www.goodshark.com\/index.php?rest_route=\/wp\/v2\/pages"}],"about":[{"href":"http:\/\/www.goodshark.com\/index.php?rest_route=\/wp\/v2\/types\/page"}],"author":[{"embeddable":true,"href":"http:\/\/www.goodshark.com\/index.php?rest_route=\/wp\/v2\/users\/4"}],"replies":[{"embeddable":true,"href":"http:\/\/www.goodshark.com\/index.php?rest_route=%2Fwp%2Fv2%2Fcomments&post=79"}],"version-history":[{"count":10,"href":"http:\/\/www.goodshark.com\/index.php?rest_route=\/wp\/v2\/pages\/79\/revisions"}],"predecessor-version":[{"id":2037,"href":"http:\/\/www.goodshark.com\/index.php?rest_route=\/wp\/v2\/pages\/79\/revisions\/2037"}],"wp:attachment":[{"href":"http:\/\/www.goodshark.com\/index.php?rest_route=%2Fwp%2Fv2%2Fmedia&parent=79"}],"curies":[{"name":"wp","href":"https:\/\/api.w.org\/{rel}","templated":true}]}}